{"id":6,"date":"2022-07-08T15:43:00","date_gmt":"2022-07-08T13:43:00","guid":{"rendered":"https:\/\/kiriat.de\/index.php\/about-us\/"},"modified":"2025-08-30T13:12:05","modified_gmt":"2025-08-30T11:12:05","slug":"about-us","status":"publish","type":"page","link":"https:\/\/www.kiriat.de\/index.php\/about-us\/","title":{"rendered":"\u00dcber mich"},"content":{"rendered":"\t\t<div data-elementor-type=\"wp-post\" data-elementor-id=\"6\" class=\"elementor elementor-6\">\n\t\t\t\t\t\t<section class=\"elementor-section elementor-top-section elementor-element elementor-element-8223fe6 elementor-reverse-tablet elementor-reverse-mobile elementor-section-boxed elementor-section-height-default elementor-section-height-default\" data-id=\"8223fe6\" data-element_type=\"section\" data-e-type=\"section\">\n\t\t\t\t\t\t<div class=\"elementor-container elementor-column-gap-no\">\n\t\t\t\t\t<div class=\"elementor-column elementor-col-50 elementor-top-column elementor-element elementor-element-5ecc9a7\" data-id=\"5ecc9a7\" data-element_type=\"column\" data-e-type=\"column\">\n\t\t\t<div class=\"elementor-widget-wrap elementor-element-populated\">\n\t\t\t\t\t\t<div class=\"elementor-element elementor-element-ba09864 elementor-widget elementor-widget-heading\" data-id=\"ba09864\" data-element_type=\"widget\" data-e-type=\"widget\" data-widget_type=\"heading.default\">\n\t\t\t\t<div class=\"elementor-widget-container\">\n\t\t\t\t\t<h4 class=\"elementor-heading-title elementor-size-default\">Das bin ich<\/h4>\t\t\t\t<\/div>\n\t\t\t\t<\/div>\n\t\t\t\t<div class=\"elementor-element elementor-element-2e6eb4f elementor-widget elementor-widget-heading\" data-id=\"2e6eb4f\" data-element_type=\"widget\" data-e-type=\"widget\" data-widget_type=\"heading.default\">\n\t\t\t\t<div class=\"elementor-widget-container\">\n\t\t\t\t\t<h2 class=\"elementor-heading-title elementor-size-default\">Kirika Rotermund-Nakamura<\/h2>\t\t\t\t<\/div>\n\t\t\t\t<\/div>\n\t\t\t\t<div class=\"elementor-element elementor-element-bbe84d4 elementor-widget elementor-widget-text-editor\" data-id=\"bbe84d4\" data-element_type=\"widget\" data-e-type=\"widget\" data-widget_type=\"text-editor.default\">\n\t\t\t\t<div class=\"elementor-widget-container\">\n\t\t\t\t\t\t\t\t\t<div class=\"n module-type-header diyfeLiveArea \">\n<p>Nach meinem Musikstudium in Japan bin ich im Alter von 23 Jahren nach Deutschland gekommen, um mein Studium fortzusetzen.<\/p>\n<p>Es war zwar ein gro\u00dfer Wendepunkt in meinem Leben, aber alles lief bestens. Ich hatte eine erfolgreiche Studienzeit, nette Kollegen und Freunde und die liebevolle Unterst\u00fctzung meiner Familie in Japan. Trotz dieses erf\u00fcllten Lebens f\u00fchlte sich bei mir immer irgendetwas \u201efalsch\u201d an. Ich wusste nur nicht, was.<\/p>\n<p>Wie ich zur Alexander Technik (AT) gekommen bin, war Zufall. Musikerkollegen haben mir davon erz\u00e4hlt, was mich sehr neugierig machte. Bald darauf entschloss ich mich, die AT auszuprobieren, um mich beim Musizieren und Unterrichten weiterzubringen.<\/p>\n<p>W\u00e4hrend meiner AT- Lehrerausbildung wurde mir nach und nach klar, dass diese Technik eine \u00e4u\u00dferst wirksame Methode ist, die grundlegende k\u00f6rperliche und psychische Ver\u00e4nderungen bewirken kann. Es l\u00f6st nicht nur Probleme, sondern tr\u00e4gt auch zur umfassenden pers\u00f6nlichen Entwicklung bei. Und genau das war es, wonach ich die ganze Zeit gesucht hatte!<\/p>\n<p>Sie lehrt uns, innezuuhalten und zu reflektieren, bevor wir handeln. Dadurch sind wir in der Lage, unser Leben selbst in die Hand zu nehmen, mentale und k\u00f6rperliche Gewohnheiten abzulegen und authentisch zu werden.<\/p>\n<\/div>\n<div class=\"n module-type-text diyfeLiveArea \">\u00a0<\/div>\t\t\t\t\t\t\t\t<\/div>\n\t\t\t\t<\/div>\n\t\t\t\t\t<\/div>\n\t\t<\/div>\n\t\t\t\t<div class=\"elementor-column elementor-col-50 elementor-top-column elementor-element elementor-element-ea3de86\" data-id=\"ea3de86\" data-element_type=\"column\" data-e-type=\"column\">\n\t\t\t<div class=\"elementor-widget-wrap elementor-element-populated\">\n\t\t\t\t\t\t<div class=\"elementor-element elementor-element-fd7bc32 elementor-widget elementor-widget-image\" data-id=\"fd7bc32\" data-element_type=\"widget\" data-e-type=\"widget\" data-widget_type=\"image.default\">\n\t\t\t\t<div class=\"elementor-widget-container\">\n\t\t\t\t\t\t\t\t\t\t\t\t\t\t\t<img decoding=\"async\" src=\"https:\/\/www.kiriat.de\/wp-content\/uploads\/elementor\/thumbs\/Foto_AT-p4exvhzxs4yyl0i8ac3sgddedfkqu27etzstuuk8i8.jpeg\" title=\"Foto_AT\" alt=\"Foto_AT\" loading=\"lazy\" \/>\t\t\t\t\t\t\t\t\t\t\t\t\t\t\t<\/div>\n\t\t\t\t<\/div>\n\t\t\t\t\t<\/div>\n\t\t<\/div>\n\t\t\t\t\t<\/div>\n\t\t<\/section>\n\t\t\t\t<section class=\"elementor-section elementor-top-section elementor-element elementor-element-d1eabba elementor-section-boxed elementor-section-height-default elementor-section-height-default\" data-id=\"d1eabba\" data-element_type=\"section\" data-e-type=\"section\">\n\t\t\t\t\t\t<div class=\"elementor-container elementor-column-gap-no\">\n\t\t\t\t\t<div class=\"elementor-column elementor-col-100 elementor-top-column elementor-element elementor-element-87c6cef\" data-id=\"87c6cef\" data-element_type=\"column\" data-e-type=\"column\">\n\t\t\t<div class=\"elementor-widget-wrap elementor-element-populated\">\n\t\t\t\t\t\t<div class=\"elementor-element elementor-element-96278b9 elementor-widget elementor-widget-heading\" data-id=\"96278b9\" data-element_type=\"widget\" data-e-type=\"widget\" data-widget_type=\"heading.default\">\n\t\t\t\t<div class=\"elementor-widget-container\">\n\t\t\t\t\t<h2 class=\"elementor-heading-title elementor-size-default\">Lebenslauf<\/h2>\t\t\t\t<\/div>\n\t\t\t\t<\/div>\n\t\t\t\t<div class=\"elementor-element elementor-element-d5e0325 elementor-widget elementor-widget-text-editor\" data-id=\"d5e0325\" data-element_type=\"widget\" data-e-type=\"widget\" data-widget_type=\"text-editor.default\">\n\t\t\t\t<div class=\"elementor-widget-container\">\n\t\t\t\t\t\t\t\t\t<div><strong>Kirika Rotermund-Nakamura<\/strong><\/div>\n<div>Geboren in Nara (Japan)<\/div>\n<div>\n<p>Abschluss als Diplomhornistin an der HfM Karlsruhe<\/p>\n<p>Dozentin an der Musikschule Remagen<\/p>\n<p>Abschluss 3,5 j\u00e4hrige Lehrerausbildung an der AT Institut D\u00fcsseldorf bei Irma Hesz<\/p>\n<p>Teilnahme am internationalen Alexandertechnik Kongress in Limerick, Irland 2015 sowie in Dublin 2025<\/p>\n<p>Vorstandsmidglied des internationalen Alexandertechnik Verbandes ATI (Alexander Technique International) https:\/\/www.alexandertechniqueinternational.org\/<\/p>\n<\/div>\t\t\t\t\t\t\t\t<\/div>\n\t\t\t\t<\/div>\n\t\t\t\t<div class=\"elementor-element elementor-element-3b210e3 elementor-widget elementor-widget-spacer\" data-id=\"3b210e3\" data-element_type=\"widget\" data-e-type=\"widget\" data-widget_type=\"spacer.default\">\n\t\t\t\t<div class=\"elementor-widget-container\">\n\t\t\t\t\t\t\t<div class=\"elementor-spacer\">\n\t\t\t<div class=\"elementor-spacer-inner\"><\/div>\n\t\t<\/div>\n\t\t\t\t\t\t<\/div>\n\t\t\t\t<\/div>\n\t\t\t\t<div class=\"elementor-element elementor-element-f2df46c gallery-spacing-custom elementor-widget elementor-widget-image-gallery\" data-id=\"f2df46c\" data-element_type=\"widget\" data-e-type=\"widget\" data-widget_type=\"image-gallery.default\">\n\t\t\t\t<div class=\"elementor-widget-container\">\n\t\t\t\t\t\t\t<div class=\"elementor-image-gallery\">\n\t\t\t<div id='gallery-1' class='gallery galleryid-6 gallery-columns-5 gallery-size-full'><figure class='gallery-item'>\n\t\t\t<div class='gallery-icon landscape'>\n\t\t\t\t<img fetchpriority=\"high\" decoding=\"async\" width=\"918\" height=\"612\" src=\"https:\/\/www.kiriat.de\/wp-content\/uploads\/2017\/03\/20170301-IMG_4024-e1642776150527.jpg\" class=\"attachment-full size-full\" alt=\"\" srcset=\"https:\/\/www.kiriat.de\/wp-content\/uploads\/2017\/03\/20170301-IMG_4024-e1642776150527.jpg 918w, https:\/\/www.kiriat.de\/wp-content\/uploads\/2017\/03\/20170301-IMG_4024-e1642776150527-300x200.jpg 300w, https:\/\/www.kiriat.de\/wp-content\/uploads\/2017\/03\/20170301-IMG_4024-e1642776150527-768x512.jpg 768w\" sizes=\"(max-width: 918px) 100vw, 918px\" \/>\n\t\t\t<\/div><\/figure>\n\t\t<\/div>\n\t\t<\/div>\n\t\t\t\t\t\t<\/div>\n\t\t\t\t<\/div>\n\t\t\t\t\t<\/div>\n\t\t<\/div>\n\t\t\t\t\t<\/div>\n\t\t<\/section>\n\t\t\t\t<section class=\"elementor-section elementor-top-section elementor-element elementor-element-6b70269 elementor-section-boxed elementor-section-height-default elementor-section-height-default\" data-id=\"6b70269\" data-element_type=\"section\" data-e-type=\"section\" data-settings=\"{&quot;background_background&quot;:&quot;classic&quot;}\">\n\t\t\t\t\t\t<div class=\"elementor-container elementor-column-gap-no\">\n\t\t\t\t\t<div class=\"elementor-column elementor-col-100 elementor-top-column elementor-element elementor-element-e26b0a1\" data-id=\"e26b0a1\" data-element_type=\"column\" data-e-type=\"column\">\n\t\t\t<div class=\"elementor-widget-wrap elementor-element-populated\">\n\t\t\t\t\t\t<div class=\"elementor-element elementor-element-2731375 elementor-widget elementor-widget-heading\" data-id=\"2731375\" data-element_type=\"widget\" data-e-type=\"widget\" data-widget_type=\"heading.default\">\n\t\t\t\t<div class=\"elementor-widget-container\">\n\t\t\t\t\t<h3 class=\"elementor-heading-title elementor-size-default\">Sprechen Sie mich an  <strong>+49 172 7608011<\/strong><\/h3>\t\t\t\t<\/div>\n\t\t\t\t<\/div>\n\t\t\t\t\t<\/div>\n\t\t<\/div>\n\t\t\t\t\t<\/div>\n\t\t<\/section>\n\t\t\t\t<\/div>\n\t\t","protected":false},"excerpt":{"rendered":"<p>Das bin ich Kirika Rotermund-Nakamura Nach meinem Musikstudium in Japan bin ich im Alter von 23 Jahren nach Deutschland gekommen, um mein Studium fortzusetzen. Es war zwar ein gro\u00dfer Wendepunkt in meinem Leben, aber alles lief bestens. Ich hatte eine erfolgreiche Studienzeit, nette Kollegen und Freunde und die liebevolle Unterst\u00fctzung meiner Familie in Japan. Trotz &hellip;<\/p>\n","protected":false},"author":1,"featured_media":55,"parent":0,"menu_order":0,"comment_status":"closed","ping_status":"closed","template":"page-templates\/page-builder.php","meta":{"footnotes":""},"class_list":["post-6","page","type-page","status-publish","has-post-thumbnail","hentry"],"_links":{"self":[{"href":"https:\/\/www.kiriat.de\/index.php\/wp-json\/wp\/v2\/pages\/6","targetHints":{"allow":["GET"]}}],"collection":[{"href":"https:\/\/www.kiriat.de\/index.php\/wp-json\/wp\/v2\/pages"}],"about":[{"href":"https:\/\/www.kiriat.de\/index.php\/wp-json\/wp\/v2\/types\/page"}],"author":[{"embeddable":true,"href":"https:\/\/www.kiriat.de\/index.php\/wp-json\/wp\/v2\/users\/1"}],"replies":[{"embeddable":true,"href":"https:\/\/www.kiriat.de\/index.php\/wp-json\/wp\/v2\/comments?post=6"}],"version-history":[{"count":39,"href":"https:\/\/www.kiriat.de\/index.php\/wp-json\/wp\/v2\/pages\/6\/revisions"}],"predecessor-version":[{"id":1072,"href":"https:\/\/www.kiriat.de\/index.php\/wp-json\/wp\/v2\/pages\/6\/revisions\/1072"}],"wp:featuredmedia":[{"embeddable":true,"href":"https:\/\/www.kiriat.de\/index.php\/wp-json\/"}],"wp:attachment":[{"href":"https:\/\/www.kiriat.de\/index.php\/wp-json\/wp\/v2\/media?parent=6"}],"curies":[{"name":"wp","href":"https:\/\/api.w.org\/{rel}","templated":true}]}}