{"id":195,"date":"2022-07-08T15:42:00","date_gmt":"2022-07-08T13:42:00","guid":{"rendered":"http:\/\/kirika.tobiashiller.de\/?page_id=195"},"modified":"2025-08-30T13:21:44","modified_gmt":"2025-08-30T11:21:44","slug":"unterricht-2","status":"publish","type":"page","link":"https:\/\/www.kiriat.de\/index.php\/unterricht-2\/","title":{"rendered":"Unterricht"},"content":{"rendered":"\t\t<div data-elementor-type=\"wp-page\" data-elementor-id=\"195\" class=\"elementor elementor-195\">\n\t\t\t\t\t\t<section class=\"elementor-section elementor-top-section elementor-element elementor-element-2ca1ccbb elementor-section-boxed elementor-section-height-default elementor-section-height-default\" data-id=\"2ca1ccbb\" data-element_type=\"section\" data-e-type=\"section\">\n\t\t\t\t\t\t<div class=\"elementor-container elementor-column-gap-default\">\n\t\t\t\t\t<div class=\"elementor-column elementor-col-100 elementor-top-column elementor-element elementor-element-4426e15e\" data-id=\"4426e15e\" data-element_type=\"column\" data-e-type=\"column\">\n\t\t\t<div class=\"elementor-widget-wrap elementor-element-populated\">\n\t\t\t\t\t\t<div class=\"elementor-element elementor-element-4f8e7128 elementor-widget elementor-widget-text-editor\" data-id=\"4f8e7128\" data-element_type=\"widget\" data-e-type=\"widget\" data-widget_type=\"text-editor.default\">\n\t\t\t\t<div class=\"elementor-widget-container\">\n\t\t\t\t\t\t\t\t\t<div class=\"n module-type-header diyfeLiveArea \">\n<h2><span class=\"diyfeDecoration\">Einzelunterricht<\/span><\/h2>\n<\/div>\n<div class=\"n module-type-text diyfeLiveArea \">\n<p>Beim Einzelunterricht k\u00f6nnen Sie in Ruhe die Zeit nutzen und die Technik intensiv lernen.<\/p>\n<p>W\u00e4hlen Sie ganz flexibel den f\u00fcr Sie passenden Termin.<\/p>\n<p>Ich biete zum Kennenlernen eine erm\u00e4\u00dfigte halb st\u00fcndige Einf\u00fchrung an. Da k\u00f6nnen Sie erste Eindr\u00fccke von der\u00a0 Alexander Technik sammeln.<\/p>\n<p>Schaffen Sie Abstand vom Alltag, hier k\u00f6nnen Sie neue Kraft tanken.<\/p>\n<\/div>\n<div class=\"n module-type-text diyfeLiveArea \"><strong>Kosten: <\/strong><\/div>\n<div class=\"n module-type-text diyfeLiveArea \">1\u00a0\u00a0 Unterrichtsstunde \u00a0\u00a0\u00a0 \u00a0 \u00a0 \u00a0 \u00a0\u00a0 \u20ac 45<\/div>\n<p class=\"n module-type-header diyfeLiveArea \">5\u00a0\u00a0 Unterrichtsstunden \u00a0\u00a0\u00a0\u00a0\u00a0\u00a0\u00a0\u00a0\u00a0 \u20ac 200<\/p>\n<p class=\"n module-type-text diyfeLiveArea \">Um von der Technik besser zu profitieren, empfehle ich einen w\u00f6chentlichen Unterricht von min. 5 Unterrichtsstunden. 1 Unterrichtsstunde dauert ca. 45 min.<\/p>\n<div class=\"n module-type-header diyfeLiveArea \">\n<h2><span class=\"diyfeDecoration\">Gruppenunterricht (3 bis 5 Personen)<\/span><\/h2>\n<\/div>\n<div class=\"n module-type-text diyfeLiveArea \">\n<p>Beim Gruppenunterricht haben Sie die M\u00f6glichkeit, den Ablauf objektiv anzuschauen und zu erfahren, dass man ein Problem und die L\u00f6sungen mit unterschiedlichen Perspektiven wahrnehmen kann.<\/p>\n<p>Der Austausch mit anderen Teilnehmern ist immer sehr spannend und lehrreich. Zusammen Lernen macht Spa\u00df!<\/p>\n<\/div>\n<div class=\"n module-type-text diyfeLiveArea \"><strong>Kosten:<\/strong><\/div>\n<div class=\"n module-type-text diyfeLiveArea \">1\u00a0\u00a0 Unterrichtsstunde \u00a0\u00a0\u00a0\u00a0 \u20ac 25<\/div>\n<p class=\"n module-type-text diyfeLiveArea \">5\u00a0\u00a0 Unterrichtsstunden \u00a0 \u20ac 100<\/p>\n<div class=\"n module-type-text diyfeLiveArea \">\n<p>Um von der Technik besser zu profitieren, empfehle ich einen w\u00f6chentlichen Unterricht von min. 5 Unterrichtsstunden. 1 Unterrichtsstunde dauert ca. 90 min. (Abh\u00e4ngig von der Anzahl der Teilnehmer)<\/p>\n<p>Die Bezahlung erfolgt in bar nach der Stunde oder per \u00dcberweisung auf Rechnung.<\/p>\n<\/div>\n<div class=\"n module-type-header diyfeLiveArea \">\n<h2><span class=\"diyfeDecoration\">Weitere Angebote<\/span><\/h2>\n<\/div>\n<div class=\"n module-type-text diyfeLiveArea \">\n<div data-matrixid=\"222048\">\n<div>\n<h4><span style=\"text-decoration: underline;\">Individuelle Seminare und Workshops<\/span><\/h4>\n<\/div>\n<\/div>\n<div data-matrixid=\"222048\">\n<p>Buchen Sie mich f\u00fcr individuelle <b>Inhouse-Seminare, Workshops oder Gesundheitstage<\/b>, die genau auf die Bed\u00fcrfnisse Ihres Teams zugeschnitten sind.<\/p>\n<p><b>M\u00f6gliche Themenschwerpunkte:<\/b><\/p>\n<ul>\n<li>\n<p><b>Der Weg aus dem Gedankenkarussell<\/b>: Erlernen Sie Techniken f\u00fcr mentale Klarheit und Gelassenheit.<\/p>\n<\/li>\n<li>\n<p><b>Resilienz st\u00e4rken<\/b>: Entwickeln Sie die F\u00e4higkeit, gest\u00e4rkt aus Krisen hervorzugehen.<\/p>\n<\/li>\n<li>\n<p><b>Achtsamkeit neu entdecken<\/b>: Finden Sie einen praxisnahen Zugang zu mehr Bewusstheit im Alltag.<\/p>\n<\/li>\n<\/ul>\n<p>Gerne konzipieren wir gemeinsam ein individuelles Programm, das Ihre Ziele optimal unterst\u00fctzt.<\/p>\n<p>Die Kosten werden je nach Umfang und Thema individuell auf Anfrage kalkuliert.<\/p>\n<\/div>\n<\/div>\n\n<p>\u00a0<\/p>\n\t\t\t\t\t\t\t\t<\/div>\n\t\t\t\t<\/div>\n\t\t\t\t\t<\/div>\n\t\t<\/div>\n\t\t\t\t\t<\/div>\n\t\t<\/section>\n\t\t\t\t<\/div>\n\t\t","protected":false},"excerpt":{"rendered":"<p>Einzelunterricht Beim Einzelunterricht k\u00f6nnen Sie in Ruhe die Zeit nutzen und die Technik intensiv lernen. W\u00e4hlen Sie ganz flexibel den f\u00fcr Sie passenden Termin. Ich biete zum Kennenlernen eine erm\u00e4\u00dfigte halb st\u00fcndige Einf\u00fchrung an. Da k\u00f6nnen Sie erste Eindr\u00fccke von der\u00a0 Alexander Technik sammeln. Schaffen Sie Abstand vom Alltag, hier k\u00f6nnen Sie neue Kraft tanken. &hellip;<\/p>\n","protected":false},"author":1,"featured_media":0,"parent":0,"menu_order":0,"comment_status":"closed","ping_status":"closed","template":"","meta":{"footnotes":""},"class_list":["post-195","page","type-page","status-publish","hentry"],"_links":{"self":[{"href":"https:\/\/www.kiriat.de\/index.php\/wp-json\/wp\/v2\/pages\/195","targetHints":{"allow":["GET"]}}],"collection":[{"href":"https:\/\/www.kiriat.de\/index.php\/wp-json\/wp\/v2\/pages"}],"about":[{"href":"https:\/\/www.kiriat.de\/index.php\/wp-json\/wp\/v2\/types\/page"}],"author":[{"embeddable":true,"href":"https:\/\/www.kiriat.de\/index.php\/wp-json\/wp\/v2\/users\/1"}],"replies":[{"embeddable":true,"href":"https:\/\/www.kiriat.de\/index.php\/wp-json\/wp\/v2\/comments?post=195"}],"version-history":[{"count":36,"href":"https:\/\/www.kiriat.de\/index.php\/wp-json\/wp\/v2\/pages\/195\/revisions"}],"predecessor-version":[{"id":1084,"href":"https:\/\/www.kiriat.de\/index.php\/wp-json\/wp\/v2\/pages\/195\/revisions\/1084"}],"wp:attachment":[{"href":"https:\/\/www.kiriat.de\/index.php\/wp-json\/wp\/v2\/media?parent=195"}],"curies":[{"name":"wp","href":"https:\/\/api.w.org\/{rel}","templated":true}]}}