{"id":167,"date":"2022-07-08T15:42:00","date_gmt":"2022-07-08T13:42:00","guid":{"rendered":"http:\/\/kirika.tobiashiller.de\/?page_id=167"},"modified":"2025-09-20T11:23:46","modified_gmt":"2025-09-20T09:23:46","slug":"termine","status":"publish","type":"page","link":"https:\/\/www.kiriat.de\/index.php\/termine\/","title":{"rendered":"Kurse"},"content":{"rendered":"\t\t<div data-elementor-type=\"wp-page\" data-elementor-id=\"167\" class=\"elementor elementor-167\">\n\t\t\t\t\t\t<section class=\"elementor-section elementor-top-section elementor-element elementor-element-758f1423 elementor-section-boxed elementor-section-height-default elementor-section-height-default\" data-id=\"758f1423\" data-element_type=\"section\" data-e-type=\"section\">\n\t\t\t\t\t\t<div class=\"elementor-container elementor-column-gap-default\">\n\t\t\t\t\t<div class=\"elementor-column elementor-col-100 elementor-top-column elementor-element elementor-element-32221dd8\" data-id=\"32221dd8\" data-element_type=\"column\" data-e-type=\"column\">\n\t\t\t<div class=\"elementor-widget-wrap elementor-element-populated\">\n\t\t\t\t\t\t<div class=\"elementor-element elementor-element-37a94f79 elementor-widget elementor-widget-text-editor\" data-id=\"37a94f79\" data-element_type=\"widget\" data-e-type=\"widget\" data-widget_type=\"text-editor.default\">\n\t\t\t\t<div class=\"elementor-widget-container\">\n\t\t\t\t\t\t\t\t\t<div data-matrixid=\"222048\"><div><h2><strong>Einf\u00fchrung\u00a0<\/strong><\/h2><h4><span style=\"text-decoration: underline;\">Jeden 2. und 4. Freitag eines Monats<\/span>\u00a0\u00a0<a href=\"https:\/\/musikschule-remagen.de\/alexander\/\">&gt;&gt;Mehr Infos<\/a><\/h4><div><p><span style=\"color: #333333; font-family: FiraSans, sans-serif; font-size: 16px; background-color: #ffffff;\">In diesem Kurs wird eine Einf\u00fchrung in die Alexander-Technik gegeben, mit der man sich im Alltag leichter bewegen kann. Der Gro\u00dfteil unserer Bewegungen und t\u00e4glichen T\u00e4tigkeiten laufen unterbewusst ab. Dadurch schleichen sich jedoch auch schlechte (Bewegungs-)Gewohnheiten ein: wir wenden zu viel Kraft auf, ziehen die Schultern hoch, spannen uns an etc. Mit der Alexander-Technik(AT) kann man lernen, diese schlechten Gewohnheiten zu erkennen, zu stoppen und neue Bewegungsabl\u00e4ufe zu entwickeln. Dies f\u00fchrt zu einer bewussten neuen Denkweise, mit deren Hilfe man die alten Gewohnheiten nach und nach durch neue Abl\u00e4ufe ersetzt.<\/span><\/p><p><span style=\"background-color: #ffffff; color: #333333; font-family: FiraSans, sans-serif; font-size: 16px;\">Von der Alexander-Technik profitiert jeder Mensch &#8211; in jedem Alter und aus allen Lebensbereichen und Berufen. Sie ist ideal f\u00fcr alle, die sich gesundheitlich, pers\u00f6nlich und beruflich weiterentwickeln m\u00f6chten.\u00a0<\/span><a href=\"https:\/\/musikschule-remagen.de\/alexander\/\">&gt;&gt;Mehr Infos<\/a><\/p><\/div><h2><strong>Kurse<\/strong><\/h2><h4 class=\"kw-kat-farbe\"><span style=\"text-decoration: underline;\">\u201eSchnupper\u201c-Workshop &#8211; Achtsamkeit neu entdecken: Die Vorteile der Alexander-Technik f\u00fcr dich!<\/span><\/h4><p>Do. 06.11.2025, 18:30-19:30 Uhr \/ FBS Bad Neuenahr &gt;&gt;&gt;<a href=\"https:\/\/www.fbs-bna.de\/kurssuche\/kurs\/Schnupper-Workshop-Achtsamkeit-neu-entdecken\/25-4385D\">Mehr Infos<\/a><\/p><p>In diesem \u201eSchnupper\u201c-Workshop kannst du die Alexander-Technik kennenlernen und erfahren, wie du ein freies und entspanntes Leben f\u00fchren und Stress und Verspannungen abbauen kannst. Zun\u00e4chst gibt es einen \u00dcberblick \u00fcber die Alexander-Technik. Wir \u00fcben uns darin, zu erkennen, wie unbewusste Gewohnheiten zu unbewussten Haltungen und Bewegungen f\u00fchren und wie wir diese \u00e4ndern k\u00f6nnen. Das f\u00fchrt uns zu einem besseren K\u00f6rperbewusstsein und mehr Achtsamkeit.<br \/>Die Vorteile sind vielf\u00e4ltig: weniger R\u00fcckenschmerzen, bessere Atmung und mehr Energie f\u00fcr deinen Alltag.<\/p><p>\u00a0<\/p><h4><span style=\"text-decoration: underline;\">Donnerstagskurs &#8211; &#8222;Schluss mit Verspannungen! Leichter Leben mit der Alexander Technik&#8220;<\/span><\/h4><p>Donnerstags, 18:30-20:00 Uhr, ab 13.11.2025 bis 04.12. 2025 \/ FBS Bad Neuenahr-Ahrweiler <a href=\"https:\/\/www.fbs-bna.de\/kurssuche\/kurs\/Folge-Kurs-Schluss-mit-Verspannungen\/25-4386A\">\u00a0&gt;&gt;Mehr Infos<\/a><\/p><\/div><p>In diesem Workshop lernen wir die Alexander-Technik vertieft kennen und \u00fcben uns in ihr. Wir erfahren, wie wir mit dieser Technik ein freies und entspanntes Leben f\u00fchren und Stress und Verspannungen abbauen k\u00f6nnen.<br \/>Zu Beginn gibt es einen vertieften Ein- und \u00dcberblick \u00fcber die Alexander-Technik.<br \/>Dann \u00fcben wir uns darin, zu erkennen, wie unbewusste Gewohnheiten zu unbewussten Haltungen und Bewegungen f\u00fchren und wie wir diese \u00e4ndern k\u00f6nnen. Das f\u00fchrt uns zu einem besseren K\u00f6rperbewusstsein und mehr Achtsamkeit.<br \/>Die Vorteile sind vielf\u00e4ltig: weniger R\u00fcckenschmerzen, bessere Atmung und mehr Energie f\u00fcr deinen Alltag.<br \/>Melde dich jetzt an und erlebe selbst, wie die Alexander-Technik dein Leben bereichern kann! Gemeinsam schaffen wir Raum f\u00fcr Achtsamkeit und innere Ruhe \u2013 f\u00fcr ein erf\u00fcllteres Leben!<\/p><p>Anfrage&amp;Anmeldung bei der Familienbildungsst\u00e4tte Bad Neuenahr-Ahrweiler. <a href=\"https:\/\/www.fbs-bna.de\/kurssuche\/kurs\/Folge-Kurs-Schluss-mit-Verspannungen\/25-4386A\">&gt;&gt;Mehr Infos<\/a><\/p><div><h2><strong>Weitere Angebote<\/strong><\/h2><h4><span style=\"text-decoration: underline;\">Individuelle Seminare und Workshops<\/span><\/h4><\/div><\/div><div data-matrixid=\"222048\"><p>Buchen Sie mich f\u00fcr individuelle <b>Inhouse-Seminare, Workshops oder Gesundheitstage<\/b>, die genau auf die Bed\u00fcrfnisse Ihres Teams zugeschnitten sind.<\/p><p><b>M\u00f6gliche Themenschwerpunkte:<\/b><\/p><ul><li><p><b>Der Weg aus dem Gedankenkarussell<\/b>: Erlernen Sie Techniken f\u00fcr mentale Klarheit und Gelassenheit.<\/p><\/li><li><p><b>Resilienz st\u00e4rken<\/b>: Entwickeln Sie die F\u00e4higkeit, gest\u00e4rkt aus Krisen hervorzugehen.<\/p><\/li><li><p><b>Achtsamkeit neu entdecken<\/b>: Finden Sie einen praxisnahen Zugang zu mehr Bewusstheit im Alltag.<\/p><\/li><\/ul><p>Gerne konzipieren wir gemeinsam ein individuelles Programm, das Ihre Ziele optimal unterst\u00fctzt.<\/p><p>Die Kosten werden je nach Umfang und Thema individuell auf Anfrage kalkuliert.<\/p><\/div><p><\/p><p><\/p><p><\/p>\t\t\t\t\t\t\t\t<\/div>\n\t\t\t\t<\/div>\n\t\t\t\t\t<\/div>\n\t\t<\/div>\n\t\t\t\t\t<\/div>\n\t\t<\/section>\n\t\t\t\t<\/div>\n\t\t","protected":false},"excerpt":{"rendered":"<p>Einf\u00fchrung\u00a0 Jeden 2. und 4. Freitag eines Monats\u00a0\u00a0&gt;&gt;Mehr Infos In diesem Kurs wird eine Einf\u00fchrung in die Alexander-Technik gegeben, mit der man sich im Alltag leichter bewegen kann. Der Gro\u00dfteil unserer Bewegungen und t\u00e4glichen T\u00e4tigkeiten laufen unterbewusst ab. Dadurch schleichen sich jedoch auch schlechte (Bewegungs-)Gewohnheiten ein: wir wenden zu viel Kraft auf, ziehen die Schultern &hellip;<\/p>\n","protected":false},"author":1,"featured_media":0,"parent":0,"menu_order":0,"comment_status":"closed","ping_status":"closed","template":"","meta":{"footnotes":""},"class_list":["post-167","page","type-page","status-publish","hentry"],"_links":{"self":[{"href":"https:\/\/www.kiriat.de\/index.php\/wp-json\/wp\/v2\/pages\/167","targetHints":{"allow":["GET"]}}],"collection":[{"href":"https:\/\/www.kiriat.de\/index.php\/wp-json\/wp\/v2\/pages"}],"about":[{"href":"https:\/\/www.kiriat.de\/index.php\/wp-json\/wp\/v2\/types\/page"}],"author":[{"embeddable":true,"href":"https:\/\/www.kiriat.de\/index.php\/wp-json\/wp\/v2\/users\/1"}],"replies":[{"embeddable":true,"href":"https:\/\/www.kiriat.de\/index.php\/wp-json\/wp\/v2\/comments?post=167"}],"version-history":[{"count":138,"href":"https:\/\/www.kiriat.de\/index.php\/wp-json\/wp\/v2\/pages\/167\/revisions"}],"predecessor-version":[{"id":1101,"href":"https:\/\/www.kiriat.de\/index.php\/wp-json\/wp\/v2\/pages\/167\/revisions\/1101"}],"wp:attachment":[{"href":"https:\/\/www.kiriat.de\/index.php\/wp-json\/wp\/v2\/media?parent=167"}],"curies":[{"name":"wp","href":"https:\/\/api.w.org\/{rel}","templated":true}]}}